{"id":7233,"date":"2025-12-18T11:11:40","date_gmt":"2025-12-18T11:11:40","guid":{"rendered":"https:\/\/oieca.com\/?page_id=7233"},"modified":"2026-01-16T15:14:14","modified_gmt":"2026-01-16T15:14:14","slug":"demande-de-devis","status":"publish","type":"page","link":"https:\/\/oieca.com\/es\/demande-de-devis\/","title":{"rendered":"formulario"},"content":{"rendered":"<div data-elementor-type=\"wp-page\" data-elementor-id=\"7233\" class=\"elementor elementor-7233\">\n\t\t\t\t<div class=\"elementor-element elementor-element-949f887 e-flex e-con-boxed e-con e-parent\" data-id=\"949f887\" data-element_type=\"container\">\n\t\t\t\t\t<div class=\"e-con-inner\">\n\t\t<div class=\"elementor-element elementor-element-f6b3f12 e-con-full e-flex e-con e-child\" data-id=\"f6b3f12\" data-element_type=\"container\" data-settings=\"{&quot;background_background&quot;:&quot;classic&quot;}\">\n\t\t\t\t<div class=\"elementor-element elementor-element-c227fd0 elementor-widget__width-initial elementor-widget-mobile__width-inherit elementor-icon-list--layout-traditional elementor-list-item-link-full_width elementor-widget elementor-widget-icon-list\" data-id=\"c227fd0\" data-element_type=\"widget\" data-widget_type=\"icon-list.default\">\n\t\t\t\t\t\t\t<ul class=\"elementor-icon-list-items\">\n\t\t\t\t\t\t\t<li class=\"elementor-icon-list-item\">\n\t\t\t\t\t\t\t\t\t\t<span class=\"elementor-icon-list-text\">Solicitud de peritaje y presupuesto<\/span>\n\t\t\t\t\t\t\t\t\t<\/li>\n\t\t\t\t\t\t<\/ul>\n\t\t\t\t\t\t<\/div>\n\t\t\t\t<div class=\"elementor-element elementor-element-bf5c410 elementor-widget__width-initial elementor-widget-mobile__width-inherit elementor-widget elementor-widget-heading\" data-id=\"bf5c410\" data-element_type=\"widget\" data-widget_type=\"heading.default\">\n\t\t\t\t\t<h2 class=\"elementor-heading-title elementor-size-default\">Solicite aqu\u00ed un estudio. Nuestros expertos marinos est\u00e1n a su servicio; descr\u00edbanos sus necesidades para un estudio personalizado.<\/h2>\t\t\t\t<\/div>\n\t\t\t\t<div class=\"elementor-element elementor-element-7668104 elementor-widget elementor-widget-flexitype-contact-form7\" data-id=\"7668104\" data-element_type=\"widget\" data-widget_type=\"flexitype-contact-form7.default\">\n\t\t\t\t<div class=\"elementor-widget-container\">\n\t\t\t\t\t        <div class=\"flexitype-contact-form-wrapper\">\r\n            \n<div class=\"wpcf7 no-js\" id=\"wpcf7-f7232-o1\" lang=\"en-US\" dir=\"ltr\" data-wpcf7-id=\"7232\">\n<div class=\"screen-reader-response\"><p role=\"status\" aria-live=\"polite\" aria-atomic=\"true\"><\/p> <ul><\/ul><\/div>\n<form action=\"\/es\/wp-json\/wp\/v2\/pages\/7233#wpcf7-f7232-o1\" method=\"post\" class=\"wpcf7-form init\" aria-label=\"Contact form\" novalidate=\"novalidate\" data-status=\"init\" data-trp-original-action=\"\/es\/wp-json\/wp\/v2\/pages\/7233#wpcf7-f7232-o1\">\n<fieldset class=\"hidden-fields-container\"><input type=\"hidden\" name=\"_wpcf7\" value=\"7232\" \/><input type=\"hidden\" name=\"_wpcf7_version\" value=\"6.1.3\" \/><input type=\"hidden\" name=\"_wpcf7_locale\" value=\"en_US\" \/><input type=\"hidden\" name=\"_wpcf7_unit_tag\" value=\"wpcf7-f7232-o1\" \/><input type=\"hidden\" name=\"_wpcf7_container_post\" value=\"0\" \/><input type=\"hidden\" name=\"_wpcf7_posted_data_hash\" value=\"\" \/>\n<\/fieldset>\n<div class=\"row contact-form\">\n    <!-- Ligne 1: Nom et T\u00e9l\u00e9phone -->\n    <div class=\"col-md-6\">\n        <label>Nombre y apellidos<\/label>\n        <span class=\"wpcf7-form-control-wrap\" data-name=\"your-name\"><input size=\"40\" maxlength=\"400\" class=\"wpcf7-form-control wpcf7-text wpcf7-validates-as-required\" aria-required=\"true\" aria-invalid=\"false\" placeholder=\"Su nombre y apellidos\" value=\"\" type=\"text\" name=\"your-name\" \/><\/span>\n    <\/div>\n    <div class=\"col-md-6\">\n        <label>Tel\u00e9fono<\/label>\n        <span class=\"wpcf7-form-control-wrap\" data-name=\"your-phone\"><input size=\"40\" maxlength=\"400\" class=\"wpcf7-form-control wpcf7-tel wpcf7-validates-as-required wpcf7-text wpcf7-validates-as-tel\" aria-required=\"true\" aria-invalid=\"false\" placeholder=\"Su n\u00famero de tel\u00e9fono\" value=\"\" type=\"tel\" name=\"your-phone\" \/><\/span>\n    <\/div>\n\n    <!-- Ligne 2: Email et Ville -->\n    <div class=\"col-md-6\">\n        <label>Correo electr\u00f3nico<\/label>\n        <span class=\"wpcf7-form-control-wrap\" data-name=\"your-email\"><input size=\"40\" maxlength=\"400\" class=\"wpcf7-form-control wpcf7-email wpcf7-validates-as-required wpcf7-text wpcf7-validates-as-email\" aria-required=\"true\" aria-invalid=\"false\" placeholder=\"Su direcci\u00f3n de correo electr\u00f3nico\" value=\"\" type=\"email\" name=\"your-email\" \/><\/span>\n    <\/div>\n    <div class=\"col-md-6\">\n        <label>Ciudad de intervenci\u00f3n<\/label>\n        <span class=\"wpcf7-form-control-wrap\" data-name=\"ville\"><select class=\"wpcf7-form-control wpcf7-select wpcf7-validates-as-required\" aria-required=\"true\" aria-invalid=\"false\" name=\"ville\"><option value=\"\">Elige tu ciudad...<\/option><option value=\"Agadir\">Agadir<\/option><option value=\"Casablanca\">Casablanca<\/option><option value=\"Tanger\">T\u00e1nger<\/option><option value=\"Dakhla\">Dakhla<\/option><option value=\"Rabat\">Rabat<\/option><option value=\"La\u00e2youne\">La\u00e2youne<\/option><option value=\"Nador\">Nador<\/option><option value=\"Safi\">Safi<\/option><option value=\"Mohammedia\">Mohammedia<\/option><option value=\"Marrakech\">Marrakech<\/option><option value=\"F\u00e8s\">Fez<\/option><option value=\"Autre ville\">Otra ciudad<\/option><\/select><\/span>\n    <\/div>\n\n    <!-- Ligne 3: Service (Rddito col-md-6 bach yji carr\u00e9 sghir) -->\n    <div class=\"col-md-6\">\n        <label>Tipo de servicio<\/label>\n        <span class=\"wpcf7-form-control-wrap\" data-name=\"subject\"><select class=\"wpcf7-form-control wpcf7-select wpcf7-validates-as-required\" aria-required=\"true\" aria-invalid=\"false\" name=\"subject\"><option value=\"\">Tipo de experiencia requerida<\/option><option value=\"Expertise Maritime\">Experiencia mar\u00edtima<\/option><option value=\"Consulting Strat\u00e9gique\">Consultor\u00eda estrat\u00e9gica<\/option><option value=\"Arbitrage &amp; M\u00e9diation\">Arbitraje y mediaci\u00f3n<\/option><option value=\"Formation Professionnelle\">Formaci\u00f3n profesional<\/option><\/select><\/span>\n    <\/div>\n\n    <!-- Ligne 4: Message -->\n    <div class=\"col-md-12\">\n        <label>Detalles de su solicitud<\/label>\n        <span class=\"wpcf7-form-control-wrap\" data-name=\"your-message\"><textarea cols=\"40\" rows=\"5\" maxlength=\"2000\" class=\"wpcf7-form-control wpcf7-textarea wpcf7-validates-as-required\" aria-required=\"true\" aria-invalid=\"false\" placeholder=\"Describa sus necesidades...\" name=\"your-message\"><\/textarea><\/span>\n    <\/div>\n\n    <!-- Bouton -->\n    <div class=\"col-md-12\">\n        <input class=\"wpcf7-form-control wpcf7-submit has-spinner\" type=\"submit\" value=\"Enviar mi solicitud\" \/>\n    <\/div>\n<\/div><p style=\"display: none !important;\" class=\"akismet-fields-container\" data-prefix=\"_wpcf7_ak_\"><label>\u0394<textarea name=\"_wpcf7_ak_hp_textarea\" cols=\"45\" rows=\"8\" maxlength=\"100\"><\/textarea><\/label><input type=\"hidden\" id=\"ak_js_1\" name=\"_wpcf7_ak_js\" value=\"161\"\/><script>document.getElementById( \"ak_js_1\" ).setAttribute( \"value\", ( new Date() ).getTime() );<\/script><\/p><div class=\"wpcf7-response-output\" aria-hidden=\"true\"><\/div>\n<input type=\"hidden\" name=\"trp-form-language\" value=\"es\"\/><\/form>\n<\/div>\n        <\/div>\r\n        \t\t\t\t<\/div>\n\t\t\t\t<\/div>\n\t\t\t\t<\/div>\n\t\t<div class=\"elementor-element elementor-element-1d8a38f e-con-full e-flex e-con e-child\" data-id=\"1d8a38f\" data-element_type=\"container\" data-settings=\"{&quot;background_background&quot;:&quot;classic&quot;}\">\n\t\t\t\t<div class=\"elementor-element elementor-element-75f60a9 elementor-widget elementor-widget-flexitype-icon-box\" data-id=\"75f60a9\" data-element_type=\"widget\" data-widget_type=\"flexitype-icon-box.default\">\n\t\t\t\t<div class=\"elementor-widget-container\">\n\t\t\t\t\t\r\n        <div class=\"icon__box-item\">\r\n                                                                        <div class=\"icon__box-item-icon\">\r\n                        <i aria-hidden=\"true\" class=\"flaticon flaticon-email\"><\/i>                                            <\/div>\r\n                                        <div class=\"icon__box-item-content\">\r\n                <div class=\"title\">\r\n                                            <h5>\r\n                            Correo electr\u00f3nico                        <\/h5>\r\n                                                                <p>Contact@oieca.com<\/p>\n                                    <\/div>\r\n                            <\/div>\r\n        <\/div>\r\n\r\n        \t\t\t\t<\/div>\n\t\t\t\t<\/div>\n\t\t\t\t<div class=\"elementor-element elementor-element-7b05177 elementor-widget elementor-widget-flexitype-icon-box\" data-id=\"7b05177\" data-element_type=\"widget\" data-widget_type=\"flexitype-icon-box.default\">\n\t\t\t\t<div class=\"elementor-widget-container\">\n\t\t\t\t\t\r\n        <div class=\"icon__box-item\">\r\n                                                                        <div class=\"icon__box-item-icon\">\r\n                        <i aria-hidden=\"true\" class=\"flaticon flaticon-telephone-call\"><\/i>                                            <\/div>\r\n                                        <div class=\"icon__box-item-content\">\r\n                <div class=\"title\">\r\n                                            <h5>\r\n                            Tel\u00e9fono                        <\/h5>\r\n                                                                <p>+212661577710<\/p>\n                                    <\/div>\r\n                            <\/div>\r\n        <\/div>\r\n\r\n        \t\t\t\t<\/div>\n\t\t\t\t<\/div>\n\t\t\t\t<div class=\"elementor-element elementor-element-d7cc5b0 elementor-widget elementor-widget-flexitype-icon-box\" data-id=\"d7cc5b0\" data-element_type=\"widget\" data-widget_type=\"flexitype-icon-box.default\">\n\t\t\t\t<div class=\"elementor-widget-container\">\n\t\t\t\t\t\r\n        <div class=\"icon__box-item\">\r\n                                                                        <div class=\"icon__box-item-icon\">\r\n                        <i aria-hidden=\"true\" class=\"flaticon flaticon-phone-call-2\"><\/i>                                            <\/div>\r\n                                        <div class=\"icon__box-item-content\">\r\n                <div class=\"title\">\r\n                                            <h5>\r\n                            N\u00famero de tel\u00e9fono fijo                        <\/h5>\r\n                                                                <p>+212528263278<\/p>\n                                    <\/div>\r\n                            <\/div>\r\n        <\/div>\r\n\r\n        \t\t\t\t<\/div>\n\t\t\t\t<\/div>\n\t\t\t\t<div class=\"elementor-element elementor-element-9ad1db0 elementor-widget elementor-widget-flexitype-icon-box\" data-id=\"9ad1db0\" data-element_type=\"widget\" data-widget_type=\"flexitype-icon-box.default\">\n\t\t\t\t<div class=\"elementor-widget-container\">\n\t\t\t\t\t\r\n        <div class=\"icon__box-item\">\r\n                                                                        <div class=\"icon__box-item-icon\">\r\n                        <i aria-hidden=\"true\" class=\"flaticon flaticon-location\"><\/i>                                            <\/div>\r\n                                        <div class=\"icon__box-item-content\">\r\n                <div class=\"title\">\r\n                                            <h5>\r\n                            Direcci\u00f3n                        <\/h5>\r\n                                                                <p>N\u00b0130 BLOC 25 AV NUE MIMOSA, HAY EL FARAH AGADIR<\/p>\n                                    <\/div>\r\n                            <\/div>\r\n        <\/div>\r\n\r\n        \t\t\t\t<\/div>\n\t\t\t\t<\/div>\n\t\t\t\t<\/div>\n\t\t\t\t\t<\/div>\n\t\t\t\t<\/div>\n\t\t\t\t<\/div>","protected":false},"excerpt":{"rendered":"<p>Contact &amp; Prise de Rendez-vous Nos experts maritimes sont \u00e0 votre \u00e9coute. D\u00e9crivez votre besoin pour une \u00e9tude personnalis\u00e9e. Nom complet T\u00e9l\u00e9phone Adresse E-mail Ville d&rsquo;intervention Choisir la ville&#8230;AgadirCasablancaTangerDakhlaRabatLa\u00e2youneNadorSafiMohammediaMarrakechF\u00e8sAutre ville Type de service Type d&#039;expertise souhait\u00e9Expertise MaritimeConsulting Strat\u00e9giqueArbitrage &amp; M\u00e9diationFormation Professionnelle D\u00e9tails de votre demande E-mail Adresse Contact@oieca.com T\u00e9l\u00e9phone +212661577710 Num\u00e9ro Fixe +212528263278 Adresse N\u00b0130 [&hellip;]<\/p>","protected":false},"author":1,"featured_media":0,"parent":0,"menu_order":0,"comment_status":"closed","ping_status":"closed","template":"","meta":{"footnotes":""},"class_list":["post-7233","page","type-page","status-publish","hentry"],"_links":{"self":[{"href":"https:\/\/oieca.com\/es\/wp-json\/wp\/v2\/pages\/7233","targetHints":{"allow":["GET"]}}],"collection":[{"href":"https:\/\/oieca.com\/es\/wp-json\/wp\/v2\/pages"}],"about":[{"href":"https:\/\/oieca.com\/es\/wp-json\/wp\/v2\/types\/page"}],"author":[{"embeddable":true,"href":"https:\/\/oieca.com\/es\/wp-json\/wp\/v2\/users\/1"}],"replies":[{"embeddable":true,"href":"https:\/\/oieca.com\/es\/wp-json\/wp\/v2\/comments?post=7233"}],"version-history":[{"count":19,"href":"https:\/\/oieca.com\/es\/wp-json\/wp\/v2\/pages\/7233\/revisions"}],"predecessor-version":[{"id":7327,"href":"https:\/\/oieca.com\/es\/wp-json\/wp\/v2\/pages\/7233\/revisions\/7327"}],"wp:attachment":[{"href":"https:\/\/oieca.com\/es\/wp-json\/wp\/v2\/media?parent=7233"}],"curies":[{"name":"wp","href":"https:\/\/api.w.org\/{rel}","templated":true}]}}