{"id":22,"date":"2024-05-21T05:04:19","date_gmt":"2024-05-21T05:04:19","guid":{"rendered":"https:\/\/cosion.themeori.com\/?page_id=22"},"modified":"2026-01-16T16:32:16","modified_gmt":"2026-01-16T16:32:16","slug":"services","status":"publish","type":"page","link":"https:\/\/oieca.com\/es\/services\/","title":{"rendered":"Servicios"},"content":{"rendered":"<div data-elementor-type=\"wp-page\" data-elementor-id=\"22\" class=\"elementor elementor-22\">\n\t\t\t\t<div class=\"elementor-element elementor-element-a92cf87 e-flex e-con-boxed e-con e-parent\" data-id=\"a92cf87\" data-element_type=\"container\">\n\t\t\t\t\t<div class=\"e-con-inner\">\n\t\t\t\t<div class=\"elementor-element elementor-element-b350f72 elementor-widget elementor-widget-heading\" data-id=\"b350f72\" data-element_type=\"widget\" data-widget_type=\"heading.default\">\n\t\t\t\t\t<h2 class=\"elementor-heading-title elementor-size-default\">Nuestros servicios<\/h2>\t\t\t\t<\/div>\n\t\t\t\t<div class=\"elementor-element elementor-element-27885e1 elementor-widget__width-initial elementor-widget elementor-widget-heading\" data-id=\"27885e1\" data-element_type=\"widget\" data-widget_type=\"heading.default\">\n\t\t\t\t\t<h2 class=\"elementor-heading-title elementor-size-default\">El socio s\u00f3lido del ecosistema mar\u00edtimo: de la experiencia t\u00e9cnica a la resoluci\u00f3n estrat\u00e9gica.\n<\/h2>\t\t\t\t<\/div>\n\t\t\t\t<div class=\"elementor-element elementor-element-9486bf0 elementor-widget elementor-widget-heading\" data-id=\"9486bf0\" data-element_type=\"widget\" data-widget_type=\"heading.default\">\n\t\t\t\t\t<p class=\"elementor-heading-title elementor-size-default\">En la OIECA, ofrecemos una gama completa de servicios estructurados para responder a los retos t\u00e9cnicos, jur\u00eddicos y operativos del sector mar\u00edtimo y portuario. Nuestro enfoque combina un profundo conocimiento de las realidades del mar, el dominio de la normativa internacional, la experiencia t\u00e9cnica y jur\u00eddica y una \u00e9tica intachable:<\/p>\t\t\t\t<\/div>\n\t\t\t\t\t<\/div>\n\t\t\t\t<\/div>\n\t\t<div class=\"elementor-element elementor-element-086e332 e-flex e-con-boxed e-con e-parent\" data-id=\"086e332\" data-element_type=\"container\">\n\t\t\t\t\t<div class=\"e-con-inner\">\n\t\t<div class=\"elementor-element elementor-element-de145b8 e-con-full e-flex e-con e-child\" data-id=\"de145b8\" data-element_type=\"container\">\n\t\t\t\t<div class=\"elementor-element elementor-element-d48319b elementor-widget elementor-widget-flexitype-icon-box\" data-id=\"d48319b\" data-element_type=\"widget\" data-widget_type=\"flexitype-icon-box.default\">\n\t\t\t\t<div class=\"elementor-widget-container\">\n\t\t\t\t\t\r\n        <div class=\"icon__box-item\">\r\n                                        <div class=\"icon__box-item-overlay\"><\/div>\r\n                                                            <div class=\"icon__box-item-icon\">\r\n                        <i aria-hidden=\"true\" class=\"flaticon flaticon-business-intelligence\"><\/i>                                            <\/div>\r\n                                        <div class=\"icon__box-item-content\">\r\n                <div class=\"title\">\r\n                                            <h5>\r\n                            Experiencia mar\u00edtima                        <\/h5>\r\n                                                                <p data-path-to-node=\"6\">Nuestros conocimientos t\u00e9cnicos son esenciales para el an\u00e1lisis, la prevenci\u00f3n y la evaluaci\u00f3n tras una cat\u00e1strofe. <span class=\"citation-67 citation-end-67\">Le ayudamos a navegar con confianza y a tomar decisiones con conocimiento de causa.<\/span><\/p>\n                                    <\/div>\r\n                                <div>\r\n                    <a class=\"flexitype-button right\" href=\"https:\/\/oieca.com\/es\/service\/expertise-maritime\/\">\r\n                        M\u00e1s informaci\u00f3n                        <i class=\"fas fa-plus\"><\/i>                    <\/a>\r\n                <\/div>\r\n                            <\/div>\r\n        <\/div>\r\n\r\n        \t\t\t\t<\/div>\n\t\t\t\t<\/div>\n\t\t\t\t<\/div>\n\t\t<div class=\"elementor-element elementor-element-bf6954d e-con-full e-flex e-con e-child\" data-id=\"bf6954d\" data-element_type=\"container\">\n\t\t\t\t<div class=\"elementor-element elementor-element-fa1b907 elementor-widget elementor-widget-flexitype-icon-box\" data-id=\"fa1b907\" data-element_type=\"widget\" data-widget_type=\"flexitype-icon-box.default\">\n\t\t\t\t<div class=\"elementor-widget-container\">\n\t\t\t\t\t\r\n        <div class=\"icon__box-item\">\r\n                                        <div class=\"icon__box-item-overlay\"><\/div>\r\n                                                            <div class=\"icon__box-item-icon\">\r\n                        <i aria-hidden=\"true\" class=\"flaticon flaticon-portfolio-1\"><\/i>                                            <\/div>\r\n                                        <div class=\"icon__box-item-content\">\r\n                <div class=\"title\">\r\n                                            <h5>\r\n                            Consultor\u00eda estrat\u00e9gica                        <\/h5>\r\n                                                                <p><span class=\"citation-61 citation-end-61\">Actuamos como un socio fuerte para armadores y navieras <\/span><span class=\"citation-60 citation-end-60\">, ayud\u00e1ndoles a afrontar la complejidad de los retos normativos y medioambientales<\/span>.<\/p>\n                                    <\/div>\r\n                                <div>\r\n                    <a class=\"flexitype-button right\" href=\"https:\/\/oieca.com\/es\/service\/consulting-strategique\/\">\r\n                        M\u00e1s informaci\u00f3n                        <i class=\"fas fa-plus\"><\/i>                    <\/a>\r\n                <\/div>\r\n                            <\/div>\r\n        <\/div>\r\n\r\n        \t\t\t\t<\/div>\n\t\t\t\t<\/div>\n\t\t\t\t<\/div>\n\t\t\t\t\t<\/div>\n\t\t\t\t<\/div>\n\t\t<div class=\"elementor-element elementor-element-f606a60 e-flex e-con-boxed e-con e-parent\" data-id=\"f606a60\" data-element_type=\"container\">\n\t\t\t\t\t<div class=\"e-con-inner\">\n\t\t<div class=\"elementor-element elementor-element-52d2018 e-con-full e-flex e-con e-child\" data-id=\"52d2018\" data-element_type=\"container\">\n\t\t\t\t<div class=\"elementor-element elementor-element-1652902 elementor-widget elementor-widget-flexitype-icon-box\" data-id=\"1652902\" data-element_type=\"widget\" data-widget_type=\"flexitype-icon-box.default\">\n\t\t\t\t<div class=\"elementor-widget-container\">\n\t\t\t\t\t\r\n        <div class=\"icon__box-item\">\r\n                                        <div class=\"icon__box-item-overlay\"><\/div>\r\n                                                            <div class=\"icon__box-item-icon\">\r\n                        <i aria-hidden=\"true\" class=\"flaticon flaticon-project-management\"><\/i>                                            <\/div>\r\n                                        <div class=\"icon__box-item-content\">\r\n                <div class=\"title\">\r\n                                            <h5>\r\n                            Arbitraje y mediaci\u00f3n                        <\/h5>\r\n                                                                <p><span class=\"citation-55 citation-end-55\">Este centro garantiza la resoluci\u00f3n profesional e imparcial de los litigios<\/span>. <span class=\"citation-54 citation-end-54\">Ofrecemos procesos fiables de arbitraje y mediaci\u00f3n<\/span>.<\/p>\n                                    <\/div>\r\n                                <div>\r\n                    <a class=\"flexitype-button right\" href=\"https:\/\/oieca.com\/es\/service\/arbitrage-mediation\/\">\r\n                        M\u00e1s informaci\u00f3n                        <i class=\"fas fa-plus\"><\/i>                    <\/a>\r\n                <\/div>\r\n                            <\/div>\r\n        <\/div>\r\n\r\n        \t\t\t\t<\/div>\n\t\t\t\t<\/div>\n\t\t\t\t<\/div>\n\t\t<div class=\"elementor-element elementor-element-04548da e-con-full e-flex e-con e-child\" data-id=\"04548da\" data-element_type=\"container\">\n\t\t\t\t<div class=\"elementor-element elementor-element-8b918af elementor-widget__width-initial elementor-widget elementor-widget-flexitype-icon-box\" data-id=\"8b918af\" data-element_type=\"widget\" data-widget_type=\"flexitype-icon-box.default\">\n\t\t\t\t<div class=\"elementor-widget-container\">\n\t\t\t\t\t\r\n        <div class=\"icon__box-item\">\r\n                                        <div class=\"icon__box-item-overlay\"><\/div>\r\n                                                            <div class=\"icon__box-item-icon\">\r\n                        <i aria-hidden=\"true\" class=\"flaticon flaticon-exploration\"><\/i>                                            <\/div>\r\n                                        <div class=\"icon__box-item-content\">\r\n                <div class=\"title\">\r\n                                            <h5>\r\n                            Formaci\u00f3n profesional                        <\/h5>\r\n                                                                <p>Programas de capacitaci\u00f3n para profesionales y estudiantes, basados en <b>aplicabilidad, cumplimiento internacional e innovaci\u00f3n educativa<\/b>.<\/p>\n                                    <\/div>\r\n                                <div>\r\n                    <a class=\"flexitype-button right\" href=\"https:\/\/oieca.com\/es\/service\/formation-professionnelle\/\">\r\n                        M\u00e1s informaci\u00f3n                         <i class=\"fas fa-plus\"><\/i>                    <\/a>\r\n                <\/div>\r\n                            <\/div>\r\n        <\/div>\r\n\r\n        \t\t\t\t<\/div>\n\t\t\t\t<\/div>\n\t\t\t\t<\/div>\n\t\t\t\t\t<\/div>\n\t\t\t\t<\/div>\n\t\t<div class=\"elementor-element elementor-element-e7d930e e-flex e-con-boxed e-con e-parent\" data-id=\"e7d930e\" data-element_type=\"container\">\n\t\t\t\t\t<div class=\"e-con-inner\">\n\t\t\t\t<div class=\"elementor-element elementor-element-f55e5f9 elementor-widget elementor-widget-spacer\" data-id=\"f55e5f9\" data-element_type=\"widget\" data-widget_type=\"spacer.default\">\n\t\t\t\t\t\t\t<div class=\"elementor-spacer\">\n\t\t\t<div class=\"elementor-spacer-inner\"><\/div>\n\t\t<\/div>\n\t\t\t\t\t\t<\/div>\n\t\t\t\t\t<\/div>\n\t\t\t\t<\/div>\n\t\t\t\t<\/div>","protected":false},"excerpt":{"rendered":"<p>Nos Services Le Partenaire Solide de l&rsquo;\u00c9cosyst\u00e8me Maritime : De l&rsquo;Expertise Technique \u00e0 la R\u00e9solution Strat\u00e9gique. Chez OIECA, nous offrons une gamme compl\u00e8te de services structur\u00e9s pour r\u00e9pondre aux enjeux techniques, juridiques et op\u00e9rationnels du secteur maritime et portuaire. Notre approche conjugue une connaissance approfondie des r\u00e9alit\u00e9s en mer, une ma\u00eetrise des r\u00e9glementations internationales, une [&hellip;]<\/p>","protected":false},"author":1,"featured_media":0,"parent":0,"menu_order":0,"comment_status":"closed","ping_status":"closed","template":"","meta":{"footnotes":""},"class_list":["post-22","page","type-page","status-publish","hentry"],"_links":{"self":[{"href":"https:\/\/oieca.com\/es\/wp-json\/wp\/v2\/pages\/22","targetHints":{"allow":["GET"]}}],"collection":[{"href":"https:\/\/oieca.com\/es\/wp-json\/wp\/v2\/pages"}],"about":[{"href":"https:\/\/oieca.com\/es\/wp-json\/wp\/v2\/types\/page"}],"author":[{"embeddable":true,"href":"https:\/\/oieca.com\/es\/wp-json\/wp\/v2\/users\/1"}],"replies":[{"embeddable":true,"href":"https:\/\/oieca.com\/es\/wp-json\/wp\/v2\/comments?post=22"}],"version-history":[{"count":35,"href":"https:\/\/oieca.com\/es\/wp-json\/wp\/v2\/pages\/22\/revisions"}],"predecessor-version":[{"id":7343,"href":"https:\/\/oieca.com\/es\/wp-json\/wp\/v2\/pages\/22\/revisions\/7343"}],"wp:attachment":[{"href":"https:\/\/oieca.com\/es\/wp-json\/wp\/v2\/media?parent=22"}],"curies":[{"name":"wp","href":"https:\/\/api.w.org\/{rel}","templated":true}]}}